{"id":96729,"date":"2024-10-31T09:48:04","date_gmt":"2024-10-31T08:48:04","guid":{"rendered":"https:\/\/nissei.nl\/danke\/"},"modified":"2025-05-01T16:02:59","modified_gmt":"2025-05-01T14:02:59","slug":"danke","status":"publish","type":"page","link":"https:\/\/nissei.nl\/de\/danke\/","title":{"rendered":"Danke"},"content":{"rendered":"\t\t<div data-elementor-type=\"wp-page\" data-elementor-id=\"96729\" class=\"elementor elementor-96729 elementor-94493\" data-elementor-post-type=\"page\">\n\t\t\t\t\t\t<section class=\"elementor-section elementor-top-section elementor-element elementor-element-b962cd0 elementor-reverse-tablet elementor-reverse-mobile elementor-section-height-min-height elementor-section-items-stretch elementor-section-boxed elementor-section-height-default\" data-id=\"b962cd0\" data-element_type=\"section\" data-e-type=\"section\" data-settings=\"{&quot;background_background&quot;:&quot;classic&quot;}\">\n\t\t\t\t\t\t\t<div class=\"elementor-background-overlay\"><\/div>\n\t\t\t\t\t\t\t<div class=\"elementor-container elementor-column-gap-wider\">\n\t\t\t\t\t<div class=\"elementor-column elementor-col-100 elementor-top-column elementor-element elementor-element-a7f6ebd\" data-id=\"a7f6ebd\" data-element_type=\"column\" data-e-type=\"column\">\n\t\t\t<div class=\"elementor-widget-wrap\">\n\t\t\t\t\t\t\t<\/div>\n\t\t<\/div>\n\t\t\t\t\t<\/div>\n\t\t<\/section>\n\t\t\t\t<section class=\"elementor-section elementor-top-section elementor-element elementor-element-af13722 elementor-reverse-tablet elementor-reverse-mobile elementor-section-height-min-height elementor-section-items-stretch elementor-section-boxed elementor-section-height-default\" data-id=\"af13722\" data-element_type=\"section\" data-e-type=\"section\" data-settings=\"{&quot;background_background&quot;:&quot;classic&quot;}\">\n\t\t\t\t\t\t\t<div class=\"elementor-background-overlay\"><\/div>\n\t\t\t\t\t\t\t<div class=\"elementor-container elementor-column-gap-wider\">\n\t\t\t\t\t<div class=\"elementor-column elementor-col-100 elementor-top-column elementor-element elementor-element-7c7cb5e\" data-id=\"7c7cb5e\" data-element_type=\"column\" data-e-type=\"column\" data-settings=\"{&quot;background_background&quot;:&quot;classic&quot;}\">\n\t\t\t<div class=\"elementor-widget-wrap elementor-element-populated\">\n\t\t\t\t\t\t<div class=\"elementor-element elementor-element-6855357 elementor-widget__width-initial elementor-widget elementor-widget-heading\" data-id=\"6855357\" data-element_type=\"widget\" data-e-type=\"widget\" data-widget_type=\"heading.default\">\n\t\t\t\t\t<h1 class=\"elementor-heading-title elementor-size-default\">Vielen Dank f\u00fcr Ihre Anfrage!<\/h1>\t\t\t\t<\/div>\n\t\t\t\t\t<\/div>\n\t\t<\/div>\n\t\t\t\t\t<\/div>\n\t\t<\/section>\n\t\t<div class=\"elementor-element elementor-element-09cfbb7 e-flex e-con-boxed e-con e-parent\" data-id=\"09cfbb7\" data-element_type=\"container\" data-e-type=\"container\">\n\t\t\t\t\t<div class=\"e-con-inner\">\n\t\t\t\t<div class=\"elementor-element elementor-element-b0c0fb7 elementor-widget elementor-widget-text-editor\" data-id=\"b0c0fb7\" data-element_type=\"widget\" data-e-type=\"widget\" data-widget_type=\"text-editor.default\">\n\t\t\t\t\t\t\t\t\t<p>Das ausgef\u00fcllte Formular wurde erfolgreich \u00fcbermittelt. Zur Best\u00e4tigung erhalte Sie eine E-Mail von uns. Das NISSEI-Team wird sich so schnell wie m\u00f6glich mit Ihnen in Verbindung setzen. <\/p>\t\t\t\t\t\t\t\t<\/div>\n\t\t\t\t<div class=\"elementor-element elementor-element-8d27045 elementor-widget elementor-widget-spacer\" data-id=\"8d27045\" data-element_type=\"widget\" data-e-type=\"widget\" data-widget_type=\"spacer.default\">\n\t\t\t\t\t\t\t<div class=\"elementor-spacer\">\n\t\t\t<div class=\"elementor-spacer-inner\"><\/div>\n\t\t<\/div>\n\t\t\t\t\t\t<\/div>\n\t\t\t\t<div class=\"elementor-element elementor-element-99f87e2 elementor-widget elementor-widget-heading\" data-id=\"99f87e2\" data-element_type=\"widget\" data-e-type=\"widget\" data-widget_type=\"heading.default\">\n\t\t\t\t\t<h2 class=\"elementor-heading-title elementor-size-default\">Folgen Sie uns in den Sozialen Medien<\/h2>\t\t\t\t<\/div>\n\t\t\t\t<div class=\"elementor-element elementor-element-52afe6c elementor-widget elementor-widget-spacer\" data-id=\"52afe6c\" data-element_type=\"widget\" data-e-type=\"widget\" data-widget_type=\"spacer.default\">\n\t\t\t\t\t\t\t<div class=\"elementor-spacer\">\n\t\t\t<div class=\"elementor-spacer-inner\"><\/div>\n\t\t<\/div>\n\t\t\t\t\t\t<\/div>\n\t\t\t\t<div class=\"elementor-element elementor-element-ecfb683 elementor-shape-circle e-grid-align-left elementor-grid-0 elementor-widget elementor-widget-social-icons\" data-id=\"ecfb683\" data-element_type=\"widget\" data-e-type=\"widget\" data-widget_type=\"social-icons.default\">\n\t\t\t\t\t\t\t<div class=\"elementor-social-icons-wrapper elementor-grid\" role=\"list\">\n\t\t\t\t\t\t\t<span class=\"elementor-grid-item\" role=\"listitem\">\n\t\t\t\t\t<a class=\"elementor-icon elementor-social-icon elementor-social-icon-facebook elementor-repeater-item-9303e2e\" href=\"https:\/\/www.facebook.com\/nisseisoftijsmachines\/\" target=\"_blank\">\n\t\t\t\t\t\t<span class=\"elementor-screen-only\">Facebook<\/span>\n\t\t\t\t\t\t<svg aria-hidden=\"true\" class=\"e-font-icon-svg e-fab-facebook\" viewBox=\"0 0 512 512\" xmlns=\"http:\/\/www.w3.org\/2000\/svg\"><path d=\"M504 256C504 119 393 8 256 8S8 119 8 256c0 123.78 90.69 226.38 209.25 245V327.69h-63V256h63v-54.64c0-62.15 37-96.48 93.67-96.48 27.14 0 55.52 4.84 55.52 4.84v61h-31.28c-30.8 0-40.41 19.12-40.41 38.73V256h68.78l-11 71.69h-57.78V501C413.31 482.38 504 379.78 504 256z\"><\/path><\/svg>\t\t\t\t\t<\/a>\n\t\t\t\t<\/span>\n\t\t\t\t\t\t\t<span class=\"elementor-grid-item\" role=\"listitem\">\n\t\t\t\t\t<a class=\"elementor-icon elementor-social-icon elementor-social-icon-linkedin elementor-repeater-item-8c1c616\" href=\"https:\/\/www.linkedin.com\/company\/nissei-softijsmachines\" target=\"_blank\">\n\t\t\t\t\t\t<span class=\"elementor-screen-only\">Linkedin<\/span>\n\t\t\t\t\t\t<svg aria-hidden=\"true\" class=\"e-font-icon-svg e-fab-linkedin\" viewBox=\"0 0 448 512\" xmlns=\"http:\/\/www.w3.org\/2000\/svg\"><path d=\"M416 32H31.9C14.3 32 0 46.5 0 64.3v383.4C0 465.5 14.3 480 31.9 480H416c17.6 0 32-14.5 32-32.3V64.3c0-17.8-14.4-32.3-32-32.3zM135.4 416H69V202.2h66.5V416zm-33.2-243c-21.3 0-38.5-17.3-38.5-38.5S80.9 96 102.2 96c21.2 0 38.5 17.3 38.5 38.5 0 21.3-17.2 38.5-38.5 38.5zm282.1 243h-66.4V312c0-24.8-.5-56.7-34.5-56.7-34.6 0-39.9 27-39.9 54.9V416h-66.4V202.2h63.7v29.2h.9c8.9-16.8 30.6-34.5 62.9-34.5 67.2 0 79.7 44.3 79.7 101.9V416z\"><\/path><\/svg>\t\t\t\t\t<\/a>\n\t\t\t\t<\/span>\n\t\t\t\t\t<\/div>\n\t\t\t\t\t\t<\/div>\n\t\t\t\t<div class=\"elementor-element elementor-element-6f04af5 elementor-widget elementor-widget-spacer\" data-id=\"6f04af5\" data-element_type=\"widget\" data-e-type=\"widget\" data-widget_type=\"spacer.default\">\n\t\t\t\t\t\t\t<div class=\"elementor-spacer\">\n\t\t\t<div class=\"elementor-spacer-inner\"><\/div>\n\t\t<\/div>\n\t\t\t\t\t\t<\/div>\n\t\t\t\t\t<\/div>\n\t\t\t\t<\/div>\n\t\t\t\t<\/div>\n\t\t","protected":false},"excerpt":{"rendered":"<p>Vielen Dank f\u00fcr Ihre Anfrage! Das ausgef\u00fcllte Formular wurde erfolgreich \u00fcbermittelt. Zur Best\u00e4tigung erhalte Sie eine E-Mail von uns. Das NISSEI-Team wird sich so schnell wie m\u00f6glich mit Ihnen in Verbindung setzen. Folgen Sie uns in den Sozialen Medien Facebook Linkedin<\/p>\n","protected":false},"author":1,"featured_media":0,"parent":0,"menu_order":999,"comment_status":"closed","ping_status":"closed","template":"elementor_header_footer","meta":{"footnotes":""},"class_list":["post-96729","page","type-page","status-publish","hentry"],"yoast_head":"<!-- This site is optimized with the Yoast SEO Premium plugin v27.3 (Yoast SEO v27.4) - https:\/\/yoast.com\/product\/yoast-seo-premium-wordpress\/ -->\n<title>Danke | NISSEI softijsmachines<\/title>\n<meta name=\"robots\" content=\"index, follow, max-snippet:-1, max-image-preview:large, max-video-preview:-1\" \/>\n<link rel=\"canonical\" href=\"https:\/\/nissei.nl\/de\/danke\/\" \/>\n<meta property=\"og:locale\" content=\"de_DE\" \/>\n<meta property=\"og:type\" content=\"article\" \/>\n<meta property=\"og:title\" content=\"Danke\" \/>\n<meta property=\"og:description\" content=\"Vielen Dank f\u00fcr Ihre Anfrage! Das ausgef\u00fcllte Formular wurde erfolgreich \u00fcbermittelt. Zur Best\u00e4tigung erhalte Sie eine E-Mail von uns. Das NISSEI-Team wird sich so schnell wie m\u00f6glich mit Ihnen in Verbindung setzen. Folgen Sie uns in den Sozialen Medien Facebook Linkedin\" \/>\n<meta property=\"og:url\" content=\"https:\/\/nissei.nl\/de\/danke\/\" \/>\n<meta property=\"og:site_name\" content=\"NISSEI softijsmachines\" \/>\n<meta property=\"article:publisher\" content=\"https:\/\/www.facebook.com\/nisseisoftijsmachines\/\" \/>\n<meta property=\"article:modified_time\" content=\"2025-05-01T14:02:59+00:00\" \/>\n<meta property=\"og:image\" content=\"https:\/\/nissei.nl\/media\/nissei_logo_groot.png\" \/>\n\t<meta property=\"og:image:width\" content=\"1200\" \/>\n\t<meta property=\"og:image:height\" content=\"675\" \/>\n\t<meta property=\"og:image:type\" content=\"image\/png\" \/>\n<meta name=\"twitter:card\" content=\"summary_large_image\" \/>\n<script type=\"application\/ld+json\" class=\"yoast-schema-graph\">{\"@context\":\"https:\\\/\\\/schema.org\",\"@graph\":[{\"@type\":\"WebPage\",\"@id\":\"https:\\\/\\\/nissei.nl\\\/de\\\/danke\\\/\",\"url\":\"https:\\\/\\\/nissei.nl\\\/de\\\/danke\\\/\",\"name\":\"Danke | NISSEI softijsmachines\",\"isPartOf\":{\"@id\":\"https:\\\/\\\/nissei.nl\\\/de\\\/#website\"},\"datePublished\":\"2024-10-31T08:48:04+00:00\",\"dateModified\":\"2025-05-01T14:02:59+00:00\",\"breadcrumb\":{\"@id\":\"https:\\\/\\\/nissei.nl\\\/de\\\/danke\\\/#breadcrumb\"},\"inLanguage\":\"de\",\"potentialAction\":[{\"@type\":\"ReadAction\",\"target\":[\"https:\\\/\\\/nissei.nl\\\/de\\\/danke\\\/\"]}]},{\"@type\":\"BreadcrumbList\",\"@id\":\"https:\\\/\\\/nissei.nl\\\/de\\\/danke\\\/#breadcrumb\",\"itemListElement\":[{\"@type\":\"ListItem\",\"position\":1,\"name\":\"Home\",\"item\":\"https:\\\/\\\/nissei.nl\\\/de\\\/professionelle-eismaschinen-von-nissei\\\/\"},{\"@type\":\"ListItem\",\"position\":2,\"name\":\"Danke\"}]},{\"@type\":\"WebSite\",\"@id\":\"https:\\\/\\\/nissei.nl\\\/de\\\/#website\",\"url\":\"https:\\\/\\\/nissei.nl\\\/de\\\/\",\"name\":\"Nissei softijsmachines\",\"description\":\"Met gemak &#039;t lekkerste softijs uit een NISSEI\",\"publisher\":{\"@id\":\"https:\\\/\\\/nissei.nl\\\/de\\\/#organization\"},\"potentialAction\":[{\"@type\":\"SearchAction\",\"target\":{\"@type\":\"EntryPoint\",\"urlTemplate\":\"https:\\\/\\\/nissei.nl\\\/de\\\/?s={search_term_string}\"},\"query-input\":{\"@type\":\"PropertyValueSpecification\",\"valueRequired\":true,\"valueName\":\"search_term_string\"}}],\"inLanguage\":\"de\"},{\"@type\":\"Organization\",\"@id\":\"https:\\\/\\\/nissei.nl\\\/de\\\/#organization\",\"name\":\"Nissei softijsmachines\",\"alternateName\":\"Win Equipment BV\",\"url\":\"https:\\\/\\\/nissei.nl\\\/de\\\/\",\"logo\":{\"@type\":\"ImageObject\",\"inLanguage\":\"de\",\"@id\":\"https:\\\/\\\/nissei.nl\\\/de\\\/#\\\/schema\\\/logo\\\/image\\\/\",\"url\":\"https:\\\/\\\/nissei.nl\\\/media\\\/nissei-logo.webp\",\"contentUrl\":\"https:\\\/\\\/nissei.nl\\\/media\\\/nissei-logo.webp\",\"width\":279,\"height\":62,\"caption\":\"Nissei softijsmachines\"},\"image\":{\"@id\":\"https:\\\/\\\/nissei.nl\\\/de\\\/#\\\/schema\\\/logo\\\/image\\\/\"},\"sameAs\":[\"https:\\\/\\\/www.facebook.com\\\/nisseisoftijsmachines\\\/\",\"https:\\\/\\\/nl.linkedin.com\\\/company\\\/nissei-softijsmachines\"],\"description\":\"Win Equipment ontwikkelt en bouwt al jarenlang NISSEI softijsmachines in Nederland en levert deze aan eindgebruikers in Nederland en aan dealers door geheel Europa.\",\"email\":\"info@nissei.nl\",\"telephone\":\"+31 85 160 9200\",\"legalName\":\"Win Equipment BV\",\"vatID\":\"NL814435208B01\",\"numberOfEmployees\":{\"@type\":\"QuantitativeValue\",\"minValue\":\"11\",\"maxValue\":\"50\"}}]}<\/script>\n<!-- \/ Yoast SEO Premium plugin. -->","yoast_head_json":{"title":"Danke | NISSEI softijsmachines","robots":{"index":"index","follow":"follow","max-snippet":"max-snippet:-1","max-image-preview":"max-image-preview:large","max-video-preview":"max-video-preview:-1"},"canonical":"https:\/\/nissei.nl\/de\/danke\/","og_locale":"de_DE","og_type":"article","og_title":"Danke","og_description":"Vielen Dank f\u00fcr Ihre Anfrage! Das ausgef\u00fcllte Formular wurde erfolgreich \u00fcbermittelt. Zur Best\u00e4tigung erhalte Sie eine E-Mail von uns. Das NISSEI-Team wird sich so schnell wie m\u00f6glich mit Ihnen in Verbindung setzen. Folgen Sie uns in den Sozialen Medien Facebook Linkedin","og_url":"https:\/\/nissei.nl\/de\/danke\/","og_site_name":"NISSEI softijsmachines","article_publisher":"https:\/\/www.facebook.com\/nisseisoftijsmachines\/","article_modified_time":"2025-05-01T14:02:59+00:00","og_image":[{"width":1200,"height":675,"url":"https:\/\/nissei.nl\/media\/nissei_logo_groot.png","type":"image\/png"}],"twitter_card":"summary_large_image","schema":{"@context":"https:\/\/schema.org","@graph":[{"@type":"WebPage","@id":"https:\/\/nissei.nl\/de\/danke\/","url":"https:\/\/nissei.nl\/de\/danke\/","name":"Danke | NISSEI softijsmachines","isPartOf":{"@id":"https:\/\/nissei.nl\/de\/#website"},"datePublished":"2024-10-31T08:48:04+00:00","dateModified":"2025-05-01T14:02:59+00:00","breadcrumb":{"@id":"https:\/\/nissei.nl\/de\/danke\/#breadcrumb"},"inLanguage":"de","potentialAction":[{"@type":"ReadAction","target":["https:\/\/nissei.nl\/de\/danke\/"]}]},{"@type":"BreadcrumbList","@id":"https:\/\/nissei.nl\/de\/danke\/#breadcrumb","itemListElement":[{"@type":"ListItem","position":1,"name":"Home","item":"https:\/\/nissei.nl\/de\/professionelle-eismaschinen-von-nissei\/"},{"@type":"ListItem","position":2,"name":"Danke"}]},{"@type":"WebSite","@id":"https:\/\/nissei.nl\/de\/#website","url":"https:\/\/nissei.nl\/de\/","name":"Nissei softijsmachines","description":"Met gemak &#039;t lekkerste softijs uit een NISSEI","publisher":{"@id":"https:\/\/nissei.nl\/de\/#organization"},"potentialAction":[{"@type":"SearchAction","target":{"@type":"EntryPoint","urlTemplate":"https:\/\/nissei.nl\/de\/?s={search_term_string}"},"query-input":{"@type":"PropertyValueSpecification","valueRequired":true,"valueName":"search_term_string"}}],"inLanguage":"de"},{"@type":"Organization","@id":"https:\/\/nissei.nl\/de\/#organization","name":"Nissei softijsmachines","alternateName":"Win Equipment BV","url":"https:\/\/nissei.nl\/de\/","logo":{"@type":"ImageObject","inLanguage":"de","@id":"https:\/\/nissei.nl\/de\/#\/schema\/logo\/image\/","url":"https:\/\/nissei.nl\/media\/nissei-logo.webp","contentUrl":"https:\/\/nissei.nl\/media\/nissei-logo.webp","width":279,"height":62,"caption":"Nissei softijsmachines"},"image":{"@id":"https:\/\/nissei.nl\/de\/#\/schema\/logo\/image\/"},"sameAs":["https:\/\/www.facebook.com\/nisseisoftijsmachines\/","https:\/\/nl.linkedin.com\/company\/nissei-softijsmachines"],"description":"Win Equipment ontwikkelt en bouwt al jarenlang NISSEI softijsmachines in Nederland en levert deze aan eindgebruikers in Nederland en aan dealers door geheel Europa.","email":"info@nissei.nl","telephone":"+31 85 160 9200","legalName":"Win Equipment BV","vatID":"NL814435208B01","numberOfEmployees":{"@type":"QuantitativeValue","minValue":"11","maxValue":"50"}}]}},"_links":{"self":[{"href":"https:\/\/nissei.nl\/de\/wp-json\/wp\/v2\/pages\/96729","targetHints":{"allow":["GET"]}}],"collection":[{"href":"https:\/\/nissei.nl\/de\/wp-json\/wp\/v2\/pages"}],"about":[{"href":"https:\/\/nissei.nl\/de\/wp-json\/wp\/v2\/types\/page"}],"author":[{"embeddable":true,"href":"https:\/\/nissei.nl\/de\/wp-json\/wp\/v2\/users\/1"}],"replies":[{"embeddable":true,"href":"https:\/\/nissei.nl\/de\/wp-json\/wp\/v2\/comments?post=96729"}],"version-history":[{"count":0,"href":"https:\/\/nissei.nl\/de\/wp-json\/wp\/v2\/pages\/96729\/revisions"}],"wp:attachment":[{"href":"https:\/\/nissei.nl\/de\/wp-json\/wp\/v2\/media?parent=96729"}],"curies":[{"name":"wp","href":"https:\/\/api.w.org\/{rel}","templated":true}]}}