{"id":96215,"date":"2024-12-05T15:34:54","date_gmt":"2024-12-05T14:34:54","guid":{"rendered":"https:\/\/nissei.nl\/cookies\/"},"modified":"2025-04-08T23:09:54","modified_gmt":"2025-04-08T21:09:54","slug":"cookies","status":"publish","type":"page","link":"https:\/\/nissei.nl\/de\/cookies\/","title":{"rendered":"Cookies"},"content":{"rendered":"\t\t<div data-elementor-type=\"wp-page\" data-elementor-id=\"96215\" class=\"elementor elementor-96215 elementor-94900\" data-elementor-post-type=\"page\">\n\t\t\t\t\t\t<section class=\"elementor-section elementor-top-section elementor-element elementor-element-2c6e686 elementor-reverse-tablet elementor-reverse-mobile elementor-section-height-min-height elementor-section-items-stretch elementor-section-boxed elementor-section-height-default\" data-id=\"2c6e686\" data-element_type=\"section\" data-e-type=\"section\" data-settings=\"{&quot;background_background&quot;:&quot;classic&quot;}\">\n\t\t\t\t\t\t\t<div class=\"elementor-background-overlay\"><\/div>\n\t\t\t\t\t\t\t<div class=\"elementor-container elementor-column-gap-wider\">\n\t\t\t\t\t<div class=\"elementor-column elementor-col-100 elementor-top-column elementor-element elementor-element-74539ce\" data-id=\"74539ce\" data-element_type=\"column\" data-e-type=\"column\">\n\t\t\t<div class=\"elementor-widget-wrap elementor-element-populated\">\n\t\t\t\t\t\t<div class=\"elementor-element elementor-element-b28249d elementor-widget elementor-widget-the7-heading\" data-id=\"b28249d\" data-element_type=\"widget\" data-e-type=\"widget\" data-widget_type=\"the7-heading.default\">\n\t\t\t\t<div class=\"elementor-widget-container\">\n\t\t\t\t\t<h2 class=\"the7-heading-title elementor-size-default\">Cookies<\/h2>\t\t\t\t<\/div>\n\t\t\t\t<\/div>\n\t\t\t\t\t<\/div>\n\t\t<\/div>\n\t\t\t\t\t<\/div>\n\t\t<\/section>\n\t\t\t\t<section class=\"elementor-section elementor-top-section elementor-element elementor-element-cbda701 elementor-reverse-tablet elementor-reverse-mobile elementor-section-boxed elementor-section-height-default elementor-section-height-default\" data-id=\"cbda701\" data-element_type=\"section\" data-e-type=\"section\">\n\t\t\t\t\t\t<div class=\"elementor-container elementor-column-gap-wider\">\n\t\t\t\t\t<div class=\"elementor-column elementor-col-50 elementor-top-column elementor-element elementor-element-f967acb\" data-id=\"f967acb\" data-element_type=\"column\" data-e-type=\"column\">\n\t\t\t<div class=\"elementor-widget-wrap elementor-element-populated\">\n\t\t\t\t\t\t<div class=\"elementor-element elementor-element-b31a801 elementor-toc--content-ellipsis elementor-toc--minimized-on-mobile elementor-widget elementor-widget-table-of-contents\" data-id=\"b31a801\" data-element_type=\"widget\" data-e-type=\"widget\" data-settings=\"{&quot;headings_by_tags&quot;:[&quot;h2&quot;,&quot;h3&quot;,&quot;h4&quot;],&quot;exclude_headings_by_selector&quot;:[],&quot;sticky&quot;:&quot;top&quot;,&quot;sticky_offset&quot;:100,&quot;sticky_parent&quot;:&quot;yes&quot;,&quot;minimized_on&quot;:&quot;mobile&quot;,&quot;sticky_on&quot;:[&quot;desktop&quot;],&quot;no_headings_message&quot;:&quot;Er zijn geen kopteksten gevonden op deze pagina.&quot;,&quot;marker_view&quot;:&quot;bullets&quot;,&quot;icon&quot;:{&quot;value&quot;:&quot;fas fa-circle&quot;,&quot;library&quot;:&quot;fa-solid&quot;,&quot;rendered_tag&quot;:&quot;&lt;svg class=\\&quot;e-font-icon-svg e-fas-circle\\&quot; viewBox=\\&quot;0 0 512 512\\&quot; xmlns=\\&quot;http:\\\/\\\/www.w3.org\\\/2000\\\/svg\\&quot;&gt;&lt;path d=\\&quot;M256 8C119 8 8 119 8 256s111 248 248 248 248-111 248-248S393 8 256 8z\\&quot;&gt;&lt;\\\/path&gt;&lt;\\\/svg&gt;&quot;},&quot;minimize_box&quot;:&quot;yes&quot;,&quot;hierarchical_view&quot;:&quot;yes&quot;,&quot;min_height&quot;:{&quot;unit&quot;:&quot;px&quot;,&quot;size&quot;:&quot;&quot;,&quot;sizes&quot;:[]},&quot;min_height_tablet&quot;:{&quot;unit&quot;:&quot;px&quot;,&quot;size&quot;:&quot;&quot;,&quot;sizes&quot;:[]},&quot;min_height_mobile&quot;:{&quot;unit&quot;:&quot;px&quot;,&quot;size&quot;:&quot;&quot;,&quot;sizes&quot;:[]},&quot;sticky_effects_offset&quot;:0,&quot;sticky_anchor_link_offset&quot;:0}\" data-widget_type=\"table-of-contents.default\">\n\t\t\t\t\t\t\t\t\t<div class=\"elementor-toc__header\">\n\t\t\t\t\t\t<h4 class=\"elementor-toc__header-title\">\n\t\t\t\tInhalt\t\t\t<\/h4>\n\t\t\t\t\t\t\t\t\t\t<div class=\"elementor-toc__toggle-button elementor-toc__toggle-button--expand\" role=\"button\" tabindex=\"0\" aria-controls=\"elementor-toc__b31a801\" aria-expanded=\"true\" aria-label=\"Inhaltsverzeichnis \u00f6ffnen\"><svg xmlns=\"http:\/\/www.w3.org\/2000\/svg\" xmlns:xlink=\"http:\/\/www.w3.org\/1999\/xlink\" id=\"Layer_1\" x=\"0px\" y=\"0px\" viewBox=\"0 0 16 16\" style=\"enable-background:new 0 0 16 16;\" xml:space=\"preserve\"><polygon points=\"13.3,7.2 8.8,7.2 8.8,2.7 7.2,2.7 7.2,7.2 2.7,7.2 2.7,8.8 7.2,8.8 7.2,13.3 8.8,13.3 8.8,8.8 13.3,8.8 \"><\/polygon><\/svg><\/div>\n\t\t\t\t<div class=\"elementor-toc__toggle-button elementor-toc__toggle-button--collapse\" role=\"button\" tabindex=\"0\" aria-controls=\"elementor-toc__b31a801\" aria-expanded=\"true\" aria-label=\"Inhaltsverzeichnis schlie\u00dfen\"><svg xmlns=\"http:\/\/www.w3.org\/2000\/svg\" xmlns:xlink=\"http:\/\/www.w3.org\/1999\/xlink\" id=\"Layer_1\" x=\"0px\" y=\"0px\" viewBox=\"0 0 16 16\" style=\"enable-background:new 0 0 16 16;\" xml:space=\"preserve\"><rect x=\"2.7\" y=\"7.2\" width=\"10.6\" height=\"1.7\"><\/rect><\/svg><\/div>\n\t\t\t\t\t<\/div>\n\t\t\t\t<div id=\"elementor-toc__b31a801\" class=\"elementor-toc__body\">\n\t\t\t<div class=\"elementor-toc__spinner-container\">\n\t\t\t\t<svg class=\"elementor-toc__spinner eicon-animation-spin e-font-icon-svg e-eicon-loading\" aria-hidden=\"true\" viewBox=\"0 0 1000 1000\" xmlns=\"http:\/\/www.w3.org\/2000\/svg\"><path d=\"M500 975V858C696 858 858 696 858 500S696 142 500 142 142 304 142 500H25C25 237 238 25 500 25S975 237 975 500 763 975 500 975Z\"><\/path><\/svg>\t\t\t<\/div>\n\t\t<\/div>\n\t\t\t\t\t\t<\/div>\n\t\t\t\t\t<\/div>\n\t\t<\/div>\n\t\t\t\t<div class=\"elementor-column elementor-col-50 elementor-top-column elementor-element elementor-element-443074e\" data-id=\"443074e\" data-element_type=\"column\" data-e-type=\"column\">\n\t\t\t<div class=\"elementor-widget-wrap elementor-element-populated\">\n\t\t\t\t\t\t<div class=\"elementor-element elementor-element-d2e314b elementor-widget elementor-widget-text-editor\" data-id=\"d2e314b\" data-element_type=\"widget\" data-e-type=\"widget\" data-widget_type=\"text-editor.default\">\n\t\t\t\t\t\t\t\t\t<h3>Was ist ein Cookie?<\/h3><p>Wir verwenden Cookies auf dieser Website. Ein Cookie ist eine einfache kleine Datei, die mit den Seiten dieser Website [und\/oder Flash-Anwendungen] gesendet und von Ihrem Browser auf Ihrem Ger\u00e4t (Computer\/Telefon\/Tablet) gespeichert wird. Die darin gespeicherten Informationen k\u00f6nnen bei Ihrem n\u00e4chsten Besuch an unsere Server zur\u00fcckgeschickt werden.  <\/p><p><strong> <\/strong><\/p><h3>Arten von Cookies<\/h3><p>NISSEI verwendet die folgenden Arten von Cookies:<\/p><p><strong>Funktionale Cookies: <\/strong>Diese Cookies werden ben\u00f6tigt, damit die Website optimal funktioniert. Denken Sie zum Beispiel an Cookies, die sich Ihre Spracheinstellung merken. <\/p><p><strong>Analytische Cookies: <\/strong>Wir verwenden diese Cookies, um die Qualit\u00e4t und Effektivit\u00e4t unserer Website zu messen. Mit analytischen Cookies k\u00f6nnen wir z.B. sehen, wie viele Personen unsere Website besuchen oder welche Werbung Sie auf unsere Website gef\u00fchrt hat. Wir verwenden Cookies, die sich so wenig wie m\u00f6glich auf Ihre Privatsph\u00e4re auswirken.  <\/p><p><strong>Marketing-Cookies: <\/strong>Diese Cookies geben uns Einblick in das Surfverhalten der Besucher unserer Website. Dadurch k\u00f6nnen wir unsere Website entsprechend Ihren Bed\u00fcrfnissen optimieren. Zum Beispiel, indem wir personalisierte Werbung schalten. Marketing-Cookies werden nur gesetzt, wenn Sie Ihr Einverst\u00e4ndnis gegeben haben. Wenn Sie Tracking-Cookies nicht akzeptieren, k\u00f6nnen Sie trotzdem Werbung sehen. Diese ist dann nicht personalisiert und m\u00f6glicherweise weniger relevant f\u00fcr Sie.     <\/p><h3>Pers\u00f6nliche Daten<\/h3><p>Die durch Cookies gesammelten Informationen k\u00f6nnen personenbezogene Daten enthalten. Bei der Verarbeitung Ihrer pers\u00f6nlichen Daten beachten wir stets unsere Datenschutzerkl\u00e4rung. <\/p><h3>Zusammenfassung der auf Nissei.de verwendeten Cookies:<\/h3><p><em>Diese Erkl\u00e4rung wurde zuletzt am 21-01-2025 aktualisiert.<\/em><\/p><p><em> <\/em><\/p><h3><b>sbjs_migrationen<\/b><\/h3><p><u>Typ:<\/u> Analytischer Keks<\/p><p><u>Lebenszeit:<\/u> Sitzung<\/p><p><u>Zweck:<\/u> Dieses Cookie wird verwendet, um Benutzerinteraktionen und Migrationen zwischen verschiedenen Seiten oder Abschnitten der Website zu verfolgen, um die Benutzererfahrung und die Analyse der Website-Performance zu verbessern.<\/p><h3><b>sbjs_current_add<\/b><\/h3><p><u>Typ:<\/u> Analytisches Cookie<\/p><p><u>Lebenszeit:<\/u> Sitzung<\/p><p><u>Zweck:<\/u> Dieses Cookie speichert Informationen \u00fcber den aktuellen Besuch, um zwischen Benutzern und Sitzungen zu unterscheiden. Es enth\u00e4lt normalerweise Details wie die Quelle des Datenverkehrs, Kampagnendaten und das Nutzerverhalten, um die Effektivit\u00e4t von Marketingkampagnen zu verfolgen und zu analysieren. <\/p><h3><b>sbjs_first_add<\/b><\/h3><p><u>Typ:<\/u> Analytischer Keks<\/p><p><u>Lebenszeit:<\/u> Sitzung<\/p><p><u>Zweck:<\/u> Dieses Cookie speichert Details \u00fcber den ersten Besuch des Benutzers auf der Website, den Zeitstempel, die verweisende Website und die Quelle des Datenverkehrs. Dies geschieht, um die Effektivit\u00e4t von Marketingkampagnen und Website-Quellen zu bewerten. <\/p><h3><strong>sbjs_current  <\/strong><\/h3><p><u>Typ:<\/u> Analytischer Keks<\/p><p><u>Lebenszeit:<\/u> Sitzung<\/p><p><u>Zweck:<\/u> Dieses Cookie identifiziert die Quelle eines Website-Besuchs und speichert Benutzeraktionen. Dieses Cookie wird verwendet, um das Erlebnis der Website-Besucher zu verbessern. <\/p><h3><strong>sbjs_first  <\/strong><\/h3><p><u>Typ:<\/u> Analytischer Keks<\/p><p><u>Lebenszeit:<\/u> Sitzung<\/p><p><u>Zweck:<\/u> Sammelt Statistiken \u00fcber die Besuche der Benutzer auf der Website, wie z.B. die Anzahl der Besuche, die durchschnittliche Verweildauer auf der Website und welche Seiten gelesen wurden.<\/p><h3><strong>sbjs_udata<\/strong><\/h3><p><u>Typ:<\/u> Analytischer Keks<\/p><p><u>Lebenszeit:<\/u> Sitzung<\/p><p><u>Zweck:<\/u> Dieses Cookie sammelt Daten zum Nutzerverhalten und zur Interaktion, um die Website zu optimieren und die Werbung auf der Website relevanter zu gestalten.<\/p><h3><strong>sbjs_session<\/strong><\/h3><p><u>Typ: <\/u><span lang=\"EN-US\">Analytischer Keks<\/span><\/p><p><u>Lebensdauer:<\/u> 1 Stunde<\/p><p><u>Zweck:<\/u> Dieses Cookie sammelt statistische Informationen \u00fcber unsere Website zur Leistungsmessung und Website-Optimierung.<\/p><h3><strong>wp-wpml_aktuelle_Sprache<\/strong><\/h3><p><u>Typ:<\/u> Funktionaler Cookie<\/p><p><u>Lebenszeit:<\/u> Sitzung<\/p><p><u>Zweck: <\/u>Dieses Cookie wird verwendet, um die Spracheinstellungen der Besucher zu speichern.<\/p><h3><strong>wpEmojiSettingsSupports<\/strong><\/h3><p><span style=\"text-decoration: underline;\">Typ:<\/span> Notwendiges Cookie<\/p><p><u>Lebenszeit:<\/u> Sitzung<\/p><p><u>Zweck:<\/u> Mit Hilfe dieses Cookies wird ermittelt, ob Website-Besucher Emojis in ihrem Browser korrekt anzeigen k\u00f6nnen.<\/p>\t\t\t\t\t\t\t\t<\/div>\n\t\t\t\t\t<\/div>\n\t\t<\/div>\n\t\t\t\t\t<\/div>\n\t\t<\/section>\n\t\t<div class=\"elementor-element elementor-element-1ac585e e-flex e-con-boxed e-con e-parent\" data-id=\"1ac585e\" data-element_type=\"container\" data-e-type=\"container\">\n\t\t\t\t\t<div class=\"e-con-inner\">\n\t\t\t\t<div class=\"elementor-element elementor-element-4a4caab elementor-widget elementor-widget-spacer\" data-id=\"4a4caab\" data-element_type=\"widget\" data-e-type=\"widget\" data-widget_type=\"spacer.default\">\n\t\t\t\t\t\t\t<div class=\"elementor-spacer\">\n\t\t\t<div class=\"elementor-spacer-inner\"><\/div>\n\t\t<\/div>\n\t\t\t\t\t\t<\/div>\n\t\t\t\t\t<\/div>\n\t\t\t\t<\/div>\n\t\t\t\t<\/div>\n\t\t","protected":false},"excerpt":{"rendered":"<p>Cookies Inhalt Was ist ein Cookie? Wir verwenden Cookies auf dieser Website. Ein Cookie ist eine einfache kleine Datei, die mit den Seiten dieser Website [und\/oder Flash-Anwendungen] gesendet und von Ihrem Browser auf Ihrem Ger\u00e4t (Computer\/Telefon\/Tablet) gespeichert wird. Die darin gespeicherten Informationen k\u00f6nnen bei Ihrem n\u00e4chsten Besuch an unsere Server zur\u00fcckgeschickt werden. Arten von Cookies&hellip;<\/p>\n","protected":false},"author":5,"featured_media":0,"parent":0,"menu_order":91,"comment_status":"closed","ping_status":"closed","template":"elementor_header_footer","meta":{"footnotes":""},"class_list":["post-96215","page","type-page","status-publish","hentry"],"yoast_head":"<!-- This site is optimized with the Yoast SEO Premium plugin v27.3 (Yoast SEO v27.4) - https:\/\/yoast.com\/product\/yoast-seo-premium-wordpress\/ -->\n<title>Cookies | NISSEI softijsmachines<\/title>\n<meta name=\"robots\" content=\"index, follow, max-snippet:-1, max-image-preview:large, max-video-preview:-1\" \/>\n<link rel=\"canonical\" href=\"https:\/\/nissei.nl\/de\/cookies\/\" \/>\n<meta property=\"og:locale\" content=\"de_DE\" \/>\n<meta property=\"og:type\" content=\"article\" \/>\n<meta property=\"og:title\" content=\"Cookies\" \/>\n<meta property=\"og:description\" content=\"Cookies Inhalt Was ist ein Cookie? Wir verwenden Cookies auf dieser Website. Ein Cookie ist eine einfache kleine Datei, die mit den Seiten dieser Website [und\/oder Flash-Anwendungen] gesendet und von Ihrem Browser auf Ihrem Ger\u00e4t (Computer\/Telefon\/Tablet) gespeichert wird. Die darin gespeicherten Informationen k\u00f6nnen bei Ihrem n\u00e4chsten Besuch an unsere Server zur\u00fcckgeschickt werden. Arten von Cookies&hellip;\" \/>\n<meta property=\"og:url\" content=\"https:\/\/nissei.nl\/de\/cookies\/\" \/>\n<meta property=\"og:site_name\" content=\"NISSEI softijsmachines\" \/>\n<meta property=\"article:publisher\" content=\"https:\/\/www.facebook.com\/nisseisoftijsmachines\/\" \/>\n<meta property=\"article:modified_time\" content=\"2025-04-08T21:09:54+00:00\" \/>\n<meta property=\"og:image\" content=\"https:\/\/nissei.nl\/media\/nissei_logo_groot.png\" \/>\n\t<meta property=\"og:image:width\" content=\"1200\" \/>\n\t<meta property=\"og:image:height\" content=\"675\" \/>\n\t<meta property=\"og:image:type\" content=\"image\/png\" \/>\n<meta name=\"twitter:card\" content=\"summary_large_image\" \/>\n<meta name=\"twitter:label1\" content=\"Gesch\u00e4tzte Lesezeit\" \/>\n\t<meta name=\"twitter:data1\" content=\"3\u00a0Minuten\" \/>\n<script type=\"application\/ld+json\" class=\"yoast-schema-graph\">{\"@context\":\"https:\\\/\\\/schema.org\",\"@graph\":[{\"@type\":\"WebPage\",\"@id\":\"https:\\\/\\\/nissei.nl\\\/de\\\/cookies\\\/\",\"url\":\"https:\\\/\\\/nissei.nl\\\/de\\\/cookies\\\/\",\"name\":\"Cookies | NISSEI softijsmachines\",\"isPartOf\":{\"@id\":\"https:\\\/\\\/nissei.nl\\\/de\\\/#website\"},\"datePublished\":\"2024-12-05T14:34:54+00:00\",\"dateModified\":\"2025-04-08T21:09:54+00:00\",\"breadcrumb\":{\"@id\":\"https:\\\/\\\/nissei.nl\\\/de\\\/cookies\\\/#breadcrumb\"},\"inLanguage\":\"de\",\"potentialAction\":[{\"@type\":\"ReadAction\",\"target\":[\"https:\\\/\\\/nissei.nl\\\/de\\\/cookies\\\/\"]}]},{\"@type\":\"BreadcrumbList\",\"@id\":\"https:\\\/\\\/nissei.nl\\\/de\\\/cookies\\\/#breadcrumb\",\"itemListElement\":[{\"@type\":\"ListItem\",\"position\":1,\"name\":\"Home\",\"item\":\"https:\\\/\\\/nissei.nl\\\/de\\\/professionelle-eismaschinen-von-nissei\\\/\"},{\"@type\":\"ListItem\",\"position\":2,\"name\":\"Cookies\"}]},{\"@type\":\"WebSite\",\"@id\":\"https:\\\/\\\/nissei.nl\\\/de\\\/#website\",\"url\":\"https:\\\/\\\/nissei.nl\\\/de\\\/\",\"name\":\"Nissei softijsmachines\",\"description\":\"Met gemak &#039;t lekkerste softijs uit een NISSEI\",\"publisher\":{\"@id\":\"https:\\\/\\\/nissei.nl\\\/de\\\/#organization\"},\"potentialAction\":[{\"@type\":\"SearchAction\",\"target\":{\"@type\":\"EntryPoint\",\"urlTemplate\":\"https:\\\/\\\/nissei.nl\\\/de\\\/?s={search_term_string}\"},\"query-input\":{\"@type\":\"PropertyValueSpecification\",\"valueRequired\":true,\"valueName\":\"search_term_string\"}}],\"inLanguage\":\"de\"},{\"@type\":\"Organization\",\"@id\":\"https:\\\/\\\/nissei.nl\\\/de\\\/#organization\",\"name\":\"Nissei softijsmachines\",\"alternateName\":\"Win Equipment BV\",\"url\":\"https:\\\/\\\/nissei.nl\\\/de\\\/\",\"logo\":{\"@type\":\"ImageObject\",\"inLanguage\":\"de\",\"@id\":\"https:\\\/\\\/nissei.nl\\\/de\\\/#\\\/schema\\\/logo\\\/image\\\/\",\"url\":\"https:\\\/\\\/nissei.nl\\\/media\\\/nissei-logo.webp\",\"contentUrl\":\"https:\\\/\\\/nissei.nl\\\/media\\\/nissei-logo.webp\",\"width\":279,\"height\":62,\"caption\":\"Nissei softijsmachines\"},\"image\":{\"@id\":\"https:\\\/\\\/nissei.nl\\\/de\\\/#\\\/schema\\\/logo\\\/image\\\/\"},\"sameAs\":[\"https:\\\/\\\/www.facebook.com\\\/nisseisoftijsmachines\\\/\",\"https:\\\/\\\/nl.linkedin.com\\\/company\\\/nissei-softijsmachines\"],\"description\":\"Win Equipment ontwikkelt en bouwt al jarenlang NISSEI softijsmachines in Nederland en levert deze aan eindgebruikers in Nederland en aan dealers door geheel Europa.\",\"email\":\"info@nissei.nl\",\"telephone\":\"+31 85 160 9200\",\"legalName\":\"Win Equipment BV\",\"vatID\":\"NL814435208B01\",\"numberOfEmployees\":{\"@type\":\"QuantitativeValue\",\"minValue\":\"11\",\"maxValue\":\"50\"}}]}<\/script>\n<!-- \/ Yoast SEO Premium plugin. -->","yoast_head_json":{"title":"Cookies | NISSEI softijsmachines","robots":{"index":"index","follow":"follow","max-snippet":"max-snippet:-1","max-image-preview":"max-image-preview:large","max-video-preview":"max-video-preview:-1"},"canonical":"https:\/\/nissei.nl\/de\/cookies\/","og_locale":"de_DE","og_type":"article","og_title":"Cookies","og_description":"Cookies Inhalt Was ist ein Cookie? Wir verwenden Cookies auf dieser Website. Ein Cookie ist eine einfache kleine Datei, die mit den Seiten dieser Website [und\/oder Flash-Anwendungen] gesendet und von Ihrem Browser auf Ihrem Ger\u00e4t (Computer\/Telefon\/Tablet) gespeichert wird. Die darin gespeicherten Informationen k\u00f6nnen bei Ihrem n\u00e4chsten Besuch an unsere Server zur\u00fcckgeschickt werden. Arten von Cookies&hellip;","og_url":"https:\/\/nissei.nl\/de\/cookies\/","og_site_name":"NISSEI softijsmachines","article_publisher":"https:\/\/www.facebook.com\/nisseisoftijsmachines\/","article_modified_time":"2025-04-08T21:09:54+00:00","og_image":[{"width":1200,"height":675,"url":"https:\/\/nissei.nl\/media\/nissei_logo_groot.png","type":"image\/png"}],"twitter_card":"summary_large_image","twitter_misc":{"Gesch\u00e4tzte Lesezeit":"3\u00a0Minuten"},"schema":{"@context":"https:\/\/schema.org","@graph":[{"@type":"WebPage","@id":"https:\/\/nissei.nl\/de\/cookies\/","url":"https:\/\/nissei.nl\/de\/cookies\/","name":"Cookies | NISSEI softijsmachines","isPartOf":{"@id":"https:\/\/nissei.nl\/de\/#website"},"datePublished":"2024-12-05T14:34:54+00:00","dateModified":"2025-04-08T21:09:54+00:00","breadcrumb":{"@id":"https:\/\/nissei.nl\/de\/cookies\/#breadcrumb"},"inLanguage":"de","potentialAction":[{"@type":"ReadAction","target":["https:\/\/nissei.nl\/de\/cookies\/"]}]},{"@type":"BreadcrumbList","@id":"https:\/\/nissei.nl\/de\/cookies\/#breadcrumb","itemListElement":[{"@type":"ListItem","position":1,"name":"Home","item":"https:\/\/nissei.nl\/de\/professionelle-eismaschinen-von-nissei\/"},{"@type":"ListItem","position":2,"name":"Cookies"}]},{"@type":"WebSite","@id":"https:\/\/nissei.nl\/de\/#website","url":"https:\/\/nissei.nl\/de\/","name":"Nissei softijsmachines","description":"Met gemak &#039;t lekkerste softijs uit een NISSEI","publisher":{"@id":"https:\/\/nissei.nl\/de\/#organization"},"potentialAction":[{"@type":"SearchAction","target":{"@type":"EntryPoint","urlTemplate":"https:\/\/nissei.nl\/de\/?s={search_term_string}"},"query-input":{"@type":"PropertyValueSpecification","valueRequired":true,"valueName":"search_term_string"}}],"inLanguage":"de"},{"@type":"Organization","@id":"https:\/\/nissei.nl\/de\/#organization","name":"Nissei softijsmachines","alternateName":"Win Equipment BV","url":"https:\/\/nissei.nl\/de\/","logo":{"@type":"ImageObject","inLanguage":"de","@id":"https:\/\/nissei.nl\/de\/#\/schema\/logo\/image\/","url":"https:\/\/nissei.nl\/media\/nissei-logo.webp","contentUrl":"https:\/\/nissei.nl\/media\/nissei-logo.webp","width":279,"height":62,"caption":"Nissei softijsmachines"},"image":{"@id":"https:\/\/nissei.nl\/de\/#\/schema\/logo\/image\/"},"sameAs":["https:\/\/www.facebook.com\/nisseisoftijsmachines\/","https:\/\/nl.linkedin.com\/company\/nissei-softijsmachines"],"description":"Win Equipment ontwikkelt en bouwt al jarenlang NISSEI softijsmachines in Nederland en levert deze aan eindgebruikers in Nederland en aan dealers door geheel Europa.","email":"info@nissei.nl","telephone":"+31 85 160 9200","legalName":"Win Equipment BV","vatID":"NL814435208B01","numberOfEmployees":{"@type":"QuantitativeValue","minValue":"11","maxValue":"50"}}]}},"_links":{"self":[{"href":"https:\/\/nissei.nl\/de\/wp-json\/wp\/v2\/pages\/96215","targetHints":{"allow":["GET"]}}],"collection":[{"href":"https:\/\/nissei.nl\/de\/wp-json\/wp\/v2\/pages"}],"about":[{"href":"https:\/\/nissei.nl\/de\/wp-json\/wp\/v2\/types\/page"}],"author":[{"embeddable":true,"href":"https:\/\/nissei.nl\/de\/wp-json\/wp\/v2\/users\/5"}],"replies":[{"embeddable":true,"href":"https:\/\/nissei.nl\/de\/wp-json\/wp\/v2\/comments?post=96215"}],"version-history":[{"count":0,"href":"https:\/\/nissei.nl\/de\/wp-json\/wp\/v2\/pages\/96215\/revisions"}],"wp:attachment":[{"href":"https:\/\/nissei.nl\/de\/wp-json\/wp\/v2\/media?parent=96215"}],"curies":[{"name":"wp","href":"https:\/\/api.w.org\/{rel}","templated":true}]}}